{"id":23,"date":"2025-12-04T00:28:46","date_gmt":"2025-12-03T23:28:46","guid":{"rendered":"https:\/\/cyberresilience.nrw\/?page_id=23"},"modified":"2026-03-10T13:21:43","modified_gmt":"2026-03-10T12:21:43","slug":"impressum","status":"publish","type":"page","link":"https:\/\/cyberresilience.nrw\/?page_id=23","title":{"rendered":"Impressum"},"content":{"rendered":"\t\t<div data-elementor-type=\"wp-page\" data-elementor-id=\"23\" class=\"elementor elementor-23\">\n\t\t\t\t<div class=\"elementor-element elementor-element-6d4e2a5 e-flex e-con-boxed e-con e-parent\" data-id=\"6d4e2a5\" data-element_type=\"container\">\n\t\t\t\t\t<div class=\"e-con-inner\">\n\t\t\t\t<div class=\"elementor-element elementor-element-693a71ea elementor-widget elementor-widget-heading\" data-id=\"693a71ea\" data-element_type=\"widget\" data-widget_type=\"heading.default\">\n\t\t\t\t\t<h1 class=\"elementor-heading-title elementor-size-default\">Impressum<\/h1>\t\t\t\t<\/div>\n\t\t\t\t<div class=\"elementor-element elementor-element-708c3f0 elementor-widget-divider--view-line elementor-widget elementor-widget-divider\" data-id=\"708c3f0\" data-element_type=\"widget\" data-widget_type=\"divider.default\">\n\t\t\t\t\t\t\t<div class=\"elementor-divider\">\n\t\t\t<span class=\"elementor-divider-separator\">\n\t\t\t\t\t\t<\/span>\n\t\t<\/div>\n\t\t\t\t\t\t<\/div>\n\t\t\t\t\t<\/div>\n\t\t\t\t<\/div>\n\t\t<div class=\"elementor-element elementor-element-082e8fa e-flex e-con-boxed e-con e-parent\" data-id=\"082e8fa\" data-element_type=\"container\">\n\t\t\t\t\t<div class=\"e-con-inner\">\n\t\t\t\t<div class=\"elementor-element elementor-element-4696fcd elementor-widget elementor-widget-text-editor\" data-id=\"4696fcd\" data-element_type=\"widget\" data-widget_type=\"text-editor.default\">\n\t\t\t\t\t\t\t\t\t<p style=\"font-weight: 400;\"><strong>Das Fraunhofer-Institut f\u00fcr Entwurfstechnik Mechatronik IEM<br \/>Zukunftsmeile 1, 33102 Paderborn<\/strong><\/p><p style=\"font-weight: 400;\">ist eine rechtlich nicht selbstst\u00e4ndige Einrichtung der Fraunhofer-Gesellschaft zur F\u00f6rderung der angewandten Forschung e.V.<\/p><p>\u00a0<\/p><p style=\"font-weight: 400;\">Umsatzsteuer-Identifikationsnummer gem\u00e4\u00df \u00a7 27 a Umsatzsteuergesetz: DE 129515865<\/p><p>\u00a0<\/p><div class=\"elementor-element elementor-element-4cc7cdb elementor-widget elementor-widget-text-editor\" data-id=\"4cc7cdb\" data-element_type=\"widget\" data-widget_type=\"text-editor.default\"><div class=\"elementor-widget-container\"><h5><b>Adresse:<\/b><\/h5><p>Fraunhofer-Gesellschaft zur F\u00f6rderung der angewandten Forschung e.V.<br \/>Hansastra\u00dfe 27 c<br \/>80686 M\u00fcnchen<br \/>Internet: <a href=\"http:\/\/www.fraunhofer.de\/\">www.fraunhofer.de<\/a><br \/>E-Mail: <a href=\"mailto:info@zv.fraunhofer.de\">info@zv.fraunhofer.de<\/a><\/p><\/div><\/div><div class=\"elementor-element elementor-element-3ed2641 elementor-widget elementor-widget-text-editor\" data-id=\"3ed2641\" data-element_type=\"widget\" data-widget_type=\"text-editor.default\"><div class=\"elementor-widget-container\"><p><strong>Telefon:<\/strong> +49 5251 5465-101<br \/><strong>Fax:<\/strong> +49 5251 5465-102<\/p><\/div><\/div><div class=\"elementor-element elementor-element-b8ae4d3 elementor-widget elementor-widget-text-editor\" data-id=\"b8ae4d3\" data-element_type=\"widget\" data-widget_type=\"text-editor.default\"><div class=\"elementor-widget-container\"><h5><b>Verantwortlicher Redakteur:<\/b><\/h5><p><strong>Benedict Wohlers<\/strong><\/p><p><i>Projektleiter, CyberResilience.nrw<\/i><\/p><\/div><\/div>\t\t\t\t\t\t\t\t<\/div>\n\t\t\t\t\t<\/div>\n\t\t\t\t<\/div>\n\t\t<div class=\"elementor-element elementor-element-306fcef e-flex e-con-boxed e-con e-parent\" data-id=\"306fcef\" data-element_type=\"container\">\n\t\t\t\t\t<div class=\"e-con-inner\">\n\t\t\t\t<div class=\"elementor-element elementor-element-5e49be9 elementor-widget-divider--view-line elementor-widget elementor-widget-divider\" data-id=\"5e49be9\" data-element_type=\"widget\" data-widget_type=\"divider.default\">\n\t\t\t\t\t\t\t<div class=\"elementor-divider\">\n\t\t\t<span class=\"elementor-divider-separator\">\n\t\t\t\t\t\t<\/span>\n\t\t<\/div>\n\t\t\t\t\t\t<\/div>\n\t\t\t\t<div class=\"elementor-element elementor-element-2d905d2 elementor-widget elementor-widget-text-editor\" data-id=\"2d905d2\" data-element_type=\"widget\" data-widget_type=\"text-editor.default\">\n\t\t\t\t\t\t\t\t\t<div class=\"elementor-element elementor-element-02d316a elementor-widget elementor-widget-text-editor\" data-id=\"02d316a\" data-element_type=\"widget\" data-widget_type=\"text-editor.default\"><div class=\"elementor-widget-container\"><h5><strong>Nutzungsrechte:<\/strong><\/h5>Copyright \u00a9 by\u00a0Fraunhofer-Gesellschaft<p>\u00a0<\/p><p>Alle Rechte vorbehalten.\u00a0Die Urheberrechte dieser Webseite liegen vollst\u00e4ndig bei der Fraunhofer-Gesellschaft.<\/p><p>Ein Download oder Ausdruck dieser Ver\u00f6ffentlichungen ist ausschlie\u00dflich f\u00fcr den pers\u00f6nlichen Gebrauch gestattet. Alle dar\u00fcber hinaus gehenden Verwendungen, insbesondere die kommerzielle Nutzung und Verbreitung, sind grunds\u00e4tzlich nicht gestattet und bed\u00fcrfen der schriftlichen Genehmigung.<\/p><p>Ein Download oder Ausdruck ist dar\u00fcber hinaus lediglich zum Zweck der Berichterstattung \u00fcber die Fraunhofer-Gesellschaft und ihrer Institute nach Ma\u00dfgabe untenstehender Nutzungsbedingungen gestattet:<\/p><p>Grafische Ver\u00e4nderungen an Bildmotiven \u2013 au\u00dfer zum Freistellen des Hauptmotivs \u2013 sind nicht gestattet. Es ist stets die Quellenangabe und \u00dcbersendung von zwei kostenlosen Belegexemplaren an die oben genannte Adresse erforderlich. Die Verwendung ist honorarfrei.<\/p><\/div><\/div><div class=\"elementor-element elementor-element-8238a62 elementor-widget elementor-widget-text-editor\" data-id=\"8238a62\" data-element_type=\"widget\" data-widget_type=\"text-editor.default\"><div class=\"elementor-widget-container\"><p>\u00a0<\/p><h5><b>Haftungshinweis:<\/b><\/h5>Wir \u00fcbernehmen keine Haftung f\u00fcr die Inhalte externer Links. F\u00fcr den Inhalt der verlinkten Seiten sind ausschlie\u00dflich deren Betreiber verantwortlich.<p>\u00a0<\/p><p>Wir sind bem\u00fcht, das Webangebot stets aktuell und inhaltlich richtig sowie vollst\u00e4ndig anzubieten. Dennoch ist das Auftreten von Fehlern nicht v\u00f6llig auszuschlie\u00dfen. Das Fraunhofer-Institut bzw. die Fraunhofer-Gesellschaft \u00fcbernimmt keine Haftung f\u00fcr die Aktualit\u00e4t, die inhaltliche Richtigkeit sowie f\u00fcr die Vollst\u00e4ndigkeit der in ihrem Webangebot eingestellten Informationen. Dies bezieht sich auf eventuelle Sch\u00e4den materieller oder ideeller Art Dritter, die durch die Nutzung dieses Webangebotes verursacht wurden.<\/p><p>Gesch\u00fctzte Marken und Namen, Bilder und Texte werden auf unseren Seiten in der Regel nicht als solche kenntlich gemacht. Das Fehlen einer solchen Kennzeichnung bedeutet jedoch nicht, dass es sich um einen freien Namen, ein freies Bild oder einen freien Text im Sinne des Markenzeichenrechts handelt.<\/p><\/div><\/div><div class=\"elementor-element elementor-element-57969b0 elementor-widget elementor-widget-text-editor\" data-id=\"57969b0\" data-element_type=\"widget\" data-widget_type=\"text-editor.default\"><div class=\"elementor-widget-container\"><h5><b>Registergericht:<\/b><\/h5><p>Amtsgericht M\u00fcnchen<br \/>Eingetragener Verein<br \/>Register-Nr. VR 4461<\/p><\/div><\/div><div class=\"elementor-element elementor-element-c26b932 elementor-widget elementor-widget-text-editor\" data-id=\"c26b932\" data-element_type=\"widget\" data-widget_type=\"text-editor.default\"><div class=\"elementor-widget-container\"><h5><b>Vorstand:<\/b><\/h5><p><b><br \/><\/b><b>Prof. Dr.-Ing. Holger Hanselka<\/b>\u00a0| Pr\u00e4sident<br \/><br \/><b>Prof. Dr. Constantin H\u00e4fner<\/b>| Mitglied des Vorstands<br \/><br \/><b>Prof. Dr. Axel M\u00fcller-Groeling<\/b>\u00a0| Mitglied des Vorstands<br \/><br \/><b>Elisabeth Ewen<\/b>\u00a0| Mitglied des Vorstands<br \/><br \/><b>Dr. Sandra Krey<\/b>\u00a0| Mitglied des Vorstands<\/p><\/div><\/div><div class=\"elementor-element elementor-element-835ad02 elementor-widget elementor-widget-text-editor\" data-id=\"835ad02\" data-element_type=\"widget\" data-widget_type=\"text-editor.default\"><div class=\"elementor-widget-container\"><h5><b>Produktion der Internetseite:<\/b><\/h5><p><a href=\"https:\/\/www.iem.fraunhofer.de\/de\/kontakt.html\">Fraunhofer Institut f\u00fcr Entwurfstechnik Mechatronik IEM<\/a><\/p><\/div><\/div>\t\t\t\t\t\t\t\t<\/div>\n\t\t\t\t\t<\/div>\n\t\t\t\t<\/div>\n\t\t\t\t<\/div>\n\t\t","protected":false},"excerpt":{"rendered":"<p>Impressum Das Fraunhofer-Institut f\u00fcr Entwurfstechnik Mechatronik IEMZukunftsmeile 1, 33102 Paderborn ist eine rechtlich nicht selbstst\u00e4ndige Einrichtung der Fraunhofer-Gesellschaft zur F\u00f6rderung der angewandten Forschung e.V. \u00a0 Umsatzsteuer-Identifikationsnummer gem\u00e4\u00df \u00a7 27 a Umsatzsteuergesetz: DE 129515865 \u00a0 Adresse: Fraunhofer-Gesellschaft zur F\u00f6rderung der angewandten Forschung e.V.Hansastra\u00dfe 27 c80686 M\u00fcnchenInternet: www.fraunhofer.deE-Mail: info@zv.fraunhofer.de Telefon: +49 5251 5465-101Fax: +49 5251 5465-102 Verantwortlicher [&hellip;]<\/p>\n","protected":false},"author":2,"featured_media":35,"parent":0,"menu_order":0,"comment_status":"closed","ping_status":"closed","template":"elementor_header_footer","meta":{"footnotes":""},"class_list":["post-23","page","type-page","status-publish","has-post-thumbnail","hentry"],"_links":{"self":[{"href":"https:\/\/cyberresilience.nrw\/index.php?rest_route=\/wp\/v2\/pages\/23","targetHints":{"allow":["GET"]}}],"collection":[{"href":"https:\/\/cyberresilience.nrw\/index.php?rest_route=\/wp\/v2\/pages"}],"about":[{"href":"https:\/\/cyberresilience.nrw\/index.php?rest_route=\/wp\/v2\/types\/page"}],"author":[{"embeddable":true,"href":"https:\/\/cyberresilience.nrw\/index.php?rest_route=\/wp\/v2\/users\/2"}],"replies":[{"embeddable":true,"href":"https:\/\/cyberresilience.nrw\/index.php?rest_route=%2Fwp%2Fv2%2Fcomments&post=23"}],"version-history":[{"count":8,"href":"https:\/\/cyberresilience.nrw\/index.php?rest_route=\/wp\/v2\/pages\/23\/revisions"}],"predecessor-version":[{"id":204,"href":"https:\/\/cyberresilience.nrw\/index.php?rest_route=\/wp\/v2\/pages\/23\/revisions\/204"}],"wp:featuredmedia":[{"embeddable":true,"href":"https:\/\/cyberresilience.nrw\/index.php?rest_route=\/wp\/v2\/media\/35"}],"wp:attachment":[{"href":"https:\/\/cyberresilience.nrw\/index.php?rest_route=%2Fwp%2Fv2%2Fmedia&parent=23"}],"curies":[{"name":"wp","href":"https:\/\/api.w.org\/{rel}","templated":true}]}}